{"id":4523,"date":"2020-11-16T13:50:32","date_gmt":"2020-11-16T12:50:32","guid":{"rendered":"https:\/\/www.butcher-bros.com\/privacy-center\/privacy-policy\/"},"modified":"2020-11-16T13:50:34","modified_gmt":"2020-11-16T12:50:34","slug":"privacy-policy","status":"publish","type":"page","link":"https:\/\/www.butcher-bros.com\/en\/privacy-center\/privacy-policy\/","title":{"rendered":"Privacy Policy"},"content":{"rendered":"\t\t<div data-elementor-type=\"wp-page\" data-elementor-id=\"4523\" class=\"elementor elementor-4523 elementor-902\" data-elementor-settings=\"[]\">\n\t\t\t\t\t\t<div class=\"elementor-inner\">\n\t\t\t\t\t\t\t<div class=\"elementor-section-wrap\">\n\t\t\t\t\t\t\t<section class=\"elementor-section elementor-top-section elementor-element elementor-element-3671a32 elementor-section-boxed elementor-section-height-default elementor-section-height-default\" data-id=\"3671a32\" data-element_type=\"section\">\n\t\t\t\t\t\t<div class=\"elementor-container elementor-column-gap-default\">\n\t\t\t\t\t\t\t<div class=\"elementor-row\">\n\t\t\t\t\t<div class=\"elementor-column elementor-col-100 elementor-top-column elementor-element elementor-element-65336b3\" data-id=\"65336b3\" data-element_type=\"column\">\n\t\t\t<div class=\"elementor-column-wrap elementor-element-populated\">\n\t\t\t\t\t\t\t<div class=\"elementor-widget-wrap\">\n\t\t\t\t\t\t<section class=\"elementor-section elementor-inner-section elementor-element elementor-element-1999cc9 elementor-section-boxed elementor-section-height-default elementor-section-height-default\" data-id=\"1999cc9\" data-element_type=\"section\">\n\t\t\t\t\t\t<div class=\"elementor-container elementor-column-gap-default\">\n\t\t\t\t\t\t\t<div class=\"elementor-row\">\n\t\t\t\t\t<div class=\"elementor-column elementor-col-100 elementor-inner-column elementor-element elementor-element-0a5918e\" data-id=\"0a5918e\" data-element_type=\"column\">\n\t\t\t<div class=\"elementor-column-wrap elementor-element-populated\">\n\t\t\t\t\t\t\t<div class=\"elementor-widget-wrap\">\n\t\t\t\t\t\t<div class=\"elementor-element elementor-element-16c6740 elementor-widget elementor-widget-text-editor\" data-id=\"16c6740\" data-element_type=\"widget\" data-widget_type=\"text-editor.default\">\n\t\t\t\t<div class=\"elementor-widget-container\">\n\t\t\t\t\t\t\t\t<div class=\"elementor-text-editor elementor-clearfix\">\n\t\t\t\t\t<p>Informativa ai sensi dell\u2019articolo 13 del Regolamento<br \/>\nUE n. 2016\/679<\/p>\n\t\t\t\t\t<\/div>\n\t\t\t\t\t\t<\/div>\n\t\t\t\t<\/div>\n\t\t\t\t<div class=\"elementor-element elementor-element-f067afd elementor-widget elementor-widget-text-editor\" data-id=\"f067afd\" data-element_type=\"widget\" data-widget_type=\"text-editor.default\">\n\t\t\t\t<div class=\"elementor-widget-container\">\n\t\t\t\t\t\t\t\t<div class=\"elementor-text-editor elementor-clearfix\">\n\t\t\t\t\t<div>\n<div>\n<p>Ai sensi&nbsp;<strong>dell\u2019art. 13 del Regolamento UE n. 2016\/679<\/strong> (di seguito \u201cGDPR 2016\/679\u201d), recante disposizioni a tutela delle persone e di altri soggetti rispetto al trattamento dei dati personali, desideriamo informarLa che i dati personali da Lei forniti formeranno oggetto di trattamento nel rispetto della normativa sopra richiamata e degli obblighi di riservatezza cui \u00e8 tenuta la societ\u00e0 SLOBBY BEAR srls, Partita Iva 01657570535 con sede in San Lorenzo Nuovo (VT), Loc. Metata snc, email: <a href=\"mailto:privacy@butcher-bros.com\">privacy@butcher-bros.com<\/a>, telefono: 0763 727398.<\/p>\n<\/div>\n<\/div>\n<div>\n<div>\n<p><b>Titolare del trattamento<\/b>&nbsp;dei dati personali raccolti dal presente sito web<strong>:<br \/><\/strong><br \/><span style=\"letter-spacing: 0.2px;\"><b>SLOBBY BEAR&nbsp;<\/b><\/span><b>srls<br \/><\/b><span style=\"font-size: 14px;\">via delle Gerlette 191 &#8211; Grosseto (GR)<br \/><\/span>Tel. 338 37 65 469<br \/><span style=\"font-size: 14px;\">Partita Iva&nbsp;<\/span>01657570535<\/p>\n<\/div>\n<\/div>\n<div>\n<div>\n<p><strong>Possono essere raccolte le seguenti categorie di dati personali che La riguardano:<br \/><\/strong><br \/>1.<strong> Dati di contatto:&nbsp;<\/strong><em>informazioni relative al nome, luogo e data di nascita, codice fiscale, indirizzo, numero di telefono, numero di cellulare, indirizzo email.<br \/><\/em><span style=\"background-color: transparent; letter-spacing: 0.2px;\">2.<\/span><strong style=\"background-color: transparent; letter-spacing: 0.2px;\"> Altri dati personali:&nbsp;<\/strong><em style=\"background-color: transparent; letter-spacing: 0.2px;\">informazioni che Lei ci fornisce in merito alla Sua data di nascita, educazione o situazione professionale.<br \/><\/em><span style=\"background-color: transparent; letter-spacing: 0.2px;\">3.<\/span><strong style=\"background-color: transparent; letter-spacing: 0.2px;\"> Utilizzo del sito<\/strong><span style=\"background-color: transparent; letter-spacing: 0.2px;\">&nbsp;<\/span><strong style=\"background-color: transparent; letter-spacing: 0.2px;\">web:&nbsp;<\/strong><em style=\"background-color: transparent; letter-spacing: 0.2px;\">informazioni relative alle modalit\u00e0 con cui utilizza il sito, apre o inoltra le nostre comunicazioni, incluse le informazioni raccolte tramite cookie ( al riguardo si veda la nostra Informativa sui Cookie che ne regola i dettagli disponibile a&nbsp;<a href=\"https:\/\/www.butcher-bros.com\/en\/privacy-center\/cookies-information\/\" target=\"_blank\" rel=\"noopener\"><span style=\"text-decoration: underline;\">questo indirizzo&nbsp;<\/span><\/a>)<\/em><span style=\"background-color: transparent; letter-spacing: 0.2px;\">.<\/span><\/p>\n<\/div>\n<\/div>\n<div>\n<div>\n<p>I Dati possono essere liberamente forniti dall\u2019Utente oppure raccolti automaticamente. Tutti i Dati richiesti, se non diversamente specificato, sono da considerarsi obbligatori: nell\u2019ipotesi in cui l\u2019Utente rifiuti di comunicarli, potrebbe essere impossibile per <b>SLOBBY BEAR srls<\/b><span style=\"font-size: 14px;\">&nbsp;fornire il Servizio richiesto. Qualora alcuni Dati vengano indicati come facoltativi, gli Utenti sono liberi di astenersi dal comunicarli senza che ci\u00f2 abbia alcuna conseguenza sulla disponibilit\u00e0 del Servizio o sulla sua operativit\u00e0. Gli Utenti che dovessero avere dubbi su quali Dati siano obbligatori, possono contattare il Titolare utilizzando i dati di contatto sopra forniti. L\u2019 eventuale utilizzo di Cookie \u2013 o di altri strumenti di tracciamento, ove non diversamente precisato, ha la finalit\u00e0 di fornire il Servizio richiesto dall\u2019Utente, oltre alle ulteriori finalit\u00e0 descritte nel presente documento e nella informativa relativa alla Cookie Policy.<\/span><\/p>\n<p>L\u2019Utente si assume la responsabilit\u00e0 della pubblicazione o condivisione, per le finalit\u00e0 che qui interessano, dei Dati Personali di terzi eventualmente ottenuti, e garantisce di avere il diritto di comunicarli o diffonderli, liberando il Titolare da qualsiasi responsabilit\u00e0 verso terzi.<\/p>\n<\/div>\n<\/div>\n<div>\n<div>\n<p><strong>Modalit\u00e0 di trattamento.<\/strong><\/p>\n<p>Il Titolare adotta le opportune misure di sicurezza volte ad impedire l\u2019accesso, la divulgazione, la modifica o la distruzione non autorizzate dei Dati Personali. Il trattamento viene effettuato mediante strumenti informatici, telematici e\/o cartacei, con modalit\u00e0 organizzative e con logiche strettamente correlate alle finalit\u00e0 indicate. Oltre al Titolare, in alcuni casi, potrebbero avere accesso ai Dati altri soggetti coinvolti nell\u2019organizzazione della <b>SLOBBY BEAR srls<\/b><strong>&nbsp;<\/strong>(personale amministrativo, commerciale, marketing, legali, amministratori di sistema) ovvero soggetti esterni (come fornitori di servizi tecnici terzi, corrieri postali, hosting provider, societ\u00e0 informatiche, agenzie di comunicazione) nominati anche, se necessario, Responsabili del Trattamento da parte del Titolare. L\u2019elenco aggiornato dei Responsabili potr\u00e0 sempre essere richiesto al Titolare del Trattamento.<\/p>\n<\/div>\n<\/div>\n<div>\n<div>\n<p><strong>Base giuridica del trattamento<\/strong><\/p>\n<p>Il Titolare tratta Dati Personali relativi all\u2019Utente in caso sussista una delle seguenti condizioni:<br \/><span style=\"background-color: transparent; letter-spacing: 0.2px;\"><br \/>1. l\u2019Utente ha prestato il consenso per una o pi\u00f9 finalit\u00e0 specifiche;<br \/><\/span><span style=\"background-color: transparent; letter-spacing: 0.2px;\">2. Il trattamento \u00e8 necessario all\u2019esecuzione di un contratto con l\u2019Utente e\/o all\u2019esecuzione di misure precontrattuali;<br \/><\/span><span style=\"background-color: transparent; letter-spacing: 0.2px;\">3. Il trattamento \u00e8 necessario per adempiere un obbligo legale al quale \u00e8 soggetto il Titolare;<br \/><\/span><span style=\"background-color: transparent; letter-spacing: 0.2px;\">4. Il trattamento \u00e8 necessario per l\u2019esecuzione di un compito di interesse pubblico o per l\u2019esercizio di pubblici poteri di cui \u00e8 investito il Titolare;<br \/><\/span><span style=\"background-color: transparent; letter-spacing: 0.2px;\">5. Il trattamento \u00e8 necessario per il perseguimento del legittimo interesse del Titolare o di terzi.<\/span><\/p>\n<p>L\u2019Utente pu\u00f2 sempre richiedere al Titolare di chiarire la concreta base giuridica di ciascun trattamento e, in particolare, di specificare se il trattamento sia basato sulla legge, previsto da un contratto o necessario per concludere un contratto.<\/p>\n<\/div>\n<\/div>\n<div>\n<div>\n<p><strong>Luogo.<\/strong><\/p>\n<p>I Dati sono trattati presso le sedi operative del Titolare ed in ogni altro luogo in cui le parti coinvolte nel trattamento siano localizzate. Il titolare del trattamento si serve, per le prestazioni offerte dal sito, di server situati nei seguenti paesi : FRANCIA. Tale paese, sulla base del Reg.&nbsp; 2016\/679\/EU \u00e8 da ritenersi idoneo in quanto rientrante in ambito UE. I dati trattati non saranno mai diffusi.<\/p>\n<\/div>\n<\/div>\n<div>\n<div>\n<p><strong>Modalit\u00e0 di trattamento e periodo di conservazione.<\/strong><\/p>\n<p>Il trattamento sar\u00e0 svolto in forma automatizzata e\/o manuale, nel rispetto di quanto previsto dall\u2019art. 32 del GDPR 2016\/679 in materia di misure di sicurezza, ad opera di soggetti appositamente incaricati e in ottemperanza a quanto previsto dagli art. 29 GDPR 2016\/ 679.<\/p>\n<p>I Dati saranno trattati e conservati per il tempo richiesto dalle finalit\u00e0 per le quali sono stati raccolti, o per qualsiasi altra legittima finalit\u00e0 collegata, secondo quanto di seguito specificato:<br \/><span style=\"letter-spacing: 0.2px; background-color: transparent;\"><br \/>1. <u>Adempimento degli obblighi contrattuali<\/u><\/span><span style=\"letter-spacing: 0.2px; background-color: transparent;\"><u>:<\/u> i dati trattati per adempiere a qualsiasi obbligazione contrattuale potranno essere conservati per tutta la durata del contratto e comunque non oltre i successivi 10 anni, al fine di verificare eventuali pendenze ivi compresi i documenti contabili (ad esempio fatture).<br \/><\/span><span style=\"letter-spacing: 0.2px; background-color: transparent;\">2.&nbsp;<\/span><u style=\"letter-spacing: 0.2px; background-color: transparent;\">Gestione operativa e finalit\u00e0 a questa strettamente connesse per l\u2019accesso al sito web<\/u><span style=\"letter-spacing: 0.2px; background-color: transparent;\">: i dati trattati per questa finalit\u00e0 potranno essere conservati per tutta la durata del contratto e comunque non oltre i successivi 10 anni.<br \/><\/span><span style=\"letter-spacing: 0.2px; background-color: transparent;\">3.&nbsp;<\/span><u style=\"letter-spacing: 0.2px; background-color: transparent;\">Finalit\u00e0 di marketing:&nbsp;<\/u><span style=\"letter-spacing: 0.2px; background-color: transparent;\">i dati personali trattati per finalit\u00e0 di marketing potranno essere conservati per 24 mesi dalla data in cui abbiamo ottenuto il Suo ultimo consenso per tale finalit\u00e0 (ad eccezione dell\u2019opposizione a ricevere ulteriori comunicazioni).<br \/><\/span><span style=\"letter-spacing: 0.2px; background-color: transparent;\">4.&nbsp;<\/span><u style=\"letter-spacing: 0.2px; background-color: transparent;\">Nel caso di controversie<\/u><span style=\"letter-spacing: 0.2px; background-color: transparent;\">: nel caso in cui sia difenderci o agire o anche avanzare pretese nei confronti Suoi o di terze parti, potremmo conservare i dati personali che riterremo ragionevolmente necessario trattare per tali fini, per il tempo in cui tale pretesa possa essere perseguita.<\/span><\/p>\n<p>I dati personali che non siano pi\u00f9 necessari, o per i quali non vi sia pi\u00f9 un presupposto giuridico per la relativa conservazione, vengono anonimizzati irreversibilmente (e in tal modo possono essere conservati) o distrutti in modo sicuro.<\/p>\n<\/div>\n<\/div>\n<div>\n<div>\n<p><strong>Ambito di comunicazione e diffusione<\/strong><\/p>\n<p>Informiamo inoltre che i dati raccolti non saranno mai diffusi e non saranno oggetto di comunicazione senza Suo esplicito consenso, salvo le comunicazioni necessarie che possono comportare il trasferimento di dati ad enti pubblici, a consulenti o ad altri soggetti per l\u2019adempimento degli obblighi di legge.<\/p>\n<\/div>\n<\/div>\n<div>\n<div>\n<p><strong>Esistenza di un processo decisionale automatizzato, compresa la profilazione.<\/strong><\/p>\n<p>La societ\u00e0 <b>SLOBBY BEAR srls<\/b>&nbsp;non adotta alcun processo decisionale automatizzato, compresa la profilazione, di cui all\u2019articolo 22, paragrafi 1 e 4, del Regolamento UE n. 679\/2016.<\/p>\n<p><strong>Diritti dell\u2019Utente.<\/strong><\/p>\n<p>Gli Utenti possono esercitare determinati diritti con riferimento ai Dati trattati dal Titolare.<\/p>\n<p>In particolare, l\u2019Utente ha il diritto di:<br \/><span style=\"background-color: transparent; letter-spacing: 0.2px;\"><br \/>1.&nbsp;<b>Revocare il consenso in ogni momento.&nbsp;<\/b><\/span><span style=\"background-color: transparent; letter-spacing: 0.2px;\">L\u2019Utente pu\u00f2 revocare il consenso al trattamento dei propri Dati Personali precedentemente espresso.<br \/><\/span><span style=\"background-color: transparent; letter-spacing: 0.2px;\">2. <\/span><strong style=\"background-color: transparent; letter-spacing: 0.2px;\">Opporsi al trattamento dei propri Dati.&nbsp;<\/strong><span style=\"background-color: transparent; letter-spacing: 0.2px;\">L\u2019Utente pu\u00f2 opporsi al trattamento dei propri Dati quando esso avviene su una base giuridica diversa dal consenso. Ulteriori dettagli sul diritto di opposizione sono indicati nella sezione sottostante.<br \/><\/span><span style=\"background-color: transparent; letter-spacing: 0.2px;\">3.&nbsp;<\/span><strong style=\"background-color: transparent; letter-spacing: 0.2px;\">Accedere ai propri Dati.<\/strong><span style=\"background-color: transparent; letter-spacing: 0.2px;\">&nbsp;L\u2019<\/span><span style=\"letter-spacing: 0.2px;\">Utente<\/span><span style=\"background-color: transparent; letter-spacing: 0.2px;\">ha diritto ad ottenere informazioni sui Dati trattati dal Titolare, su determinati aspetti del trattamento ed a ricevere una copia dei Dati trattati.<br \/><\/span><span style=\"background-color: transparent; letter-spacing: 0.2px;\">4.&nbsp;<\/span><strong style=\"background-color: transparent; letter-spacing: 0.2px;\">Verificare e chiedere la rettificazione.&nbsp;<\/strong><span style=\"background-color: transparent; letter-spacing: 0.2px;\">L\u2019<\/span><span style=\"letter-spacing: 0.2px;\">Utente<\/span><span style=\"background-color: transparent; letter-spacing: 0.2px;\">&nbsp;pu\u00f2 verificare la correttezza dei propri Dati e richiederne l\u2019aggiornamento o la correzione.<br \/><\/span><span style=\"background-color: transparent; letter-spacing: 0.2px;\">5.&nbsp;<\/span><strong style=\"background-color: transparent; letter-spacing: 0.2px;\">Ottenere la limitazione del trattamento.&nbsp;<\/strong><span style=\"background-color: transparent; letter-spacing: 0.2px;\">Quando ricorrono determinate condizioni, l\u2019<\/span><span style=\"letter-spacing: 0.2px;\">Utente<\/span><span style=\"background-color: transparent; letter-spacing: 0.2px;\">&nbsp;pu\u00f2 richiedere la limitazione del trattamento dei propri Dati. In tal caso il Titolare non tratter\u00e0 i Dati per alcun altro scopo se non la loro conservazione.<br \/><\/span><span style=\"background-color: transparent; letter-spacing: 0.2px;\">5. <\/span><strong style=\"background-color: transparent; letter-spacing: 0.2px;\">Ottenere la cancellazione o rimozione dei propri Dati Personali.&nbsp;<\/strong><span style=\"background-color: transparent; letter-spacing: 0.2px;\">Quando ricorrono determinate condizioni, l\u2019Utente pu\u00f2 richiedere la cancellazione dei propri Dati da parte del Titolare.<br \/><\/span><span style=\"background-color: transparent; letter-spacing: 0.2px;\">6.&nbsp;<\/span><strong style=\"background-color: transparent; letter-spacing: 0.2px;\">Ricevere i propri Dati o farli trasferire ad altro titolare.&nbsp;<\/strong><span style=\"background-color: transparent; letter-spacing: 0.2px;\">L\u2019<\/span><span style=\"letter-spacing: 0.2px;\">Utente<\/span><span style=\"background-color: transparent; letter-spacing: 0.2px;\">ha diritto di ricevere i propri Dati in formato strutturato, di uso comune e leggibile da dispositivo automatico e, ove tecnicamente fattibile, di ottenerne il trasferimento senza ostacoli ad un altro titolare. Questa disposizione \u00e8 applicabile quando i Dati sono trattati con strumenti automatizzati ed il trattamento \u00e8 basato sul consenso dell\u2019<\/span><span style=\"letter-spacing: 0.2px;\">Utente<\/span><span style=\"background-color: transparent; letter-spacing: 0.2px;\">, su un contratto di cui l\u2019Utente \u00e8 parte o su misure contrattuali ad esso connesse.<br \/><\/span><span style=\"background-color: transparent; letter-spacing: 0.2px;\">7.&nbsp;<\/span><strong style=\"background-color: transparent; letter-spacing: 0.2px;\">Proporre reclamo.&nbsp;<\/strong><span style=\"background-color: transparent; letter-spacing: 0.2px;\">L\u2019Utente pu\u00f2 proporre un reclamo all\u2019autorit\u00e0 di controllo della protezione dei dati personali competente o agire in sede giudiziale.<\/span><\/p>\n<p>Per esercitare i diritti dell\u2019Utente, gli Utenti possono indirizzare una richiesta agli estremi di contatto del Titolare indicati in questo documento. Le richieste sono depositate a titolo gratuito e evase dal Titolare nel pi\u00f9 breve tempo possibile, in ogni caso entro un mese.<\/p>\n<\/div>\n<\/div>\n<div>\n<div>\n<p><strong>Cookie Policy<\/strong><\/p>\n<p>Questa Applicazione fa utilizzo di Cookie. Per saperne di pi\u00f9 e per prendere visione dell\u2019informativa dettagliata, l\u2019Utente pu\u00f2 consultare la&nbsp;<a href=\"http:\/\/www.allitalianafood.it\/centro-privacy\/cookie-policy\/\" target=\"_\">Cookie Policy<\/a>.<\/p>\n<\/div>\n<\/div>\n<div>\n<div>\n<p><strong>Ulteriori informazioni sul trattamento.<\/strong><\/p>\n<p><strong>Difesa in giudizio<\/strong><\/p>\n<p>I Dati Personali dell\u2019Utente possono essere utilizzati da parte del Titolare in giudizio o nelle fasi preparatorie alla sua eventuale instaurazione. L\u2019Utente dichiara di essere consapevole che il Titolare potrebbe essere obbligato a rivelare i Dati per ordine delle autorit\u00e0 pubbliche.<\/p>\n<\/div>\n<\/div>\n<div>\n<div>\n<p><strong>Log di sistema e manutenzione<\/strong><\/p>\n<p>Per necessit\u00e0 legate al funzionamento ed alla manutenzione, questa Applicazione e gli eventuali servizi terzi da essa utilizzati potrebbero raccogliere log di sistema, ossia file che registrano le interazioni e che possono contenere anche Dati Personali, quali l\u2019indirizzo IP Utente.<\/p>\n<\/div>\n<\/div>\n<div>\n<div>\n<p><strong>Informazioni non contenute in questa policy<\/strong><\/p>\n<p>Ulteriori informazioni in relazione al trattamento dei Dati Personali potranno essere richieste in qualsiasi momento al Titolare del Trattamento utilizzando gli estremi di contatto.<\/p>\n<\/div>\n<\/div>\n<div>\n<div>\n<p><strong>Clausola Finale<\/strong><\/p>\n<p>In considerazione dello stato attuale di evoluzione della normativa in materia di protezione di dati personali, si informa che la presente Privacy Policy potr\u00e0 essere soggetta ad aggiornamento.<\/p>\n<\/div>\n<\/div>\n\t\t\t\t\t<\/div>\n\t\t\t\t\t\t<\/div>\n\t\t\t\t<\/div>\n\t\t\t\t\t\t<\/div>\n\t\t\t\t\t<\/div>\n\t\t<\/div>\n\t\t\t\t\t\t\t\t<\/div>\n\t\t\t\t\t<\/div>\n\t\t<\/section>\n\t\t\t\t\t\t<\/div>\n\t\t\t\t\t<\/div>\n\t\t<\/div>\n\t\t\t\t\t\t\t\t<\/div>\n\t\t\t\t\t<\/div>\n\t\t<\/section>\n\t\t\t\t\t\t<\/div>\n\t\t\t\t\t\t<\/div>\n\t\t\t\t\t<\/div>\n\t\t","protected":false},"excerpt":{"rendered":"<p>Informativa ai sensi dell\u2019articolo 13 del Regolamento UE n. 2016\/679 Ai sensi&nbsp;dell\u2019art. 13 del Regolamento UE n. 2016\/679 (di seguito \u201cGDPR 2016\/679\u201d), recante disposizioni a tutela delle persone e di altri soggetti rispetto al trattamento dei dati personali, desideriamo informarLa che i dati personali da Lei forniti formeranno oggetto di trattamento nel rispetto della normativa [&hellip;]<\/p>\n","protected":false},"author":1,"featured_media":0,"parent":4502,"menu_order":0,"comment_status":"closed","ping_status":"closed","template":"elementor_header_footer","meta":{"_links_to":"","_links_to_target":""},"yoast_head":"<!-- This site is optimized with the Yoast SEO Premium plugin v16.5 (Yoast SEO v16.5) - https:\/\/yoast.com\/wordpress\/plugins\/seo\/ -->\n<title>Privacy Policy - Butcher Bros<\/title>\n<meta name=\"robots\" content=\"index, follow, max-snippet:-1, max-image-preview:large, max-video-preview:-1\" \/>\n<link rel=\"canonical\" href=\"https:\/\/www.butcher-bros.com\/en\/privacy-center\/privacy-policy\/\" \/>\n<meta property=\"og:locale\" content=\"en_US\" \/>\n<meta property=\"og:type\" content=\"article\" \/>\n<meta property=\"og:title\" content=\"Privacy Policy\" \/>\n<meta property=\"og:description\" content=\"Informativa ai sensi dell\u2019articolo 13 del Regolamento UE n. 2016\/679 Ai sensi&nbsp;dell\u2019art. 13 del Regolamento UE n. 2016\/679 (di seguito \u201cGDPR 2016\/679\u201d), recante disposizioni a tutela delle persone e di altri soggetti rispetto al trattamento dei dati personali, desideriamo informarLa che i dati personali da Lei forniti formeranno oggetto di trattamento nel rispetto della normativa [&hellip;]\" \/>\n<meta property=\"og:url\" content=\"https:\/\/www.butcher-bros.com\/en\/privacy-center\/privacy-policy\/\" \/>\n<meta property=\"og:site_name\" content=\"Butcher Bros\" \/>\n<meta property=\"article:modified_time\" content=\"2020-11-16T12:50:34+00:00\" \/>\n<meta name=\"twitter:card\" content=\"summary_large_image\" \/>\n<meta name=\"twitter:label1\" content=\"Est. reading time\" \/>\n\t<meta name=\"twitter:data1\" content=\"8 minutes\" \/>\n<script type=\"application\/ld+json\" class=\"yoast-schema-graph\">{\"@context\":\"https:\/\/schema.org\",\"@graph\":[{\"@type\":\"WebSite\",\"@id\":\"https:\/\/www.butcher-bros.com\/#website\",\"url\":\"https:\/\/www.butcher-bros.com\/\",\"name\":\"Butcher Bros\",\"description\":\"Insaporitori, attrezzature e accessori per Macellai e BBQ\",\"potentialAction\":[{\"@type\":\"SearchAction\",\"target\":\"https:\/\/www.butcher-bros.com\/?s={search_term_string}\",\"query-input\":\"required name=search_term_string\"}],\"inLanguage\":\"en-US\"},{\"@type\":\"WebPage\",\"@id\":\"https:\/\/www.butcher-bros.com\/en\/privacy-center\/privacy-policy\/#webpage\",\"url\":\"https:\/\/www.butcher-bros.com\/en\/privacy-center\/privacy-policy\/\",\"name\":\"Privacy Policy - Butcher Bros\",\"isPartOf\":{\"@id\":\"https:\/\/www.butcher-bros.com\/#website\"},\"datePublished\":\"2020-11-16T12:50:32+00:00\",\"dateModified\":\"2020-11-16T12:50:34+00:00\",\"breadcrumb\":{\"@id\":\"https:\/\/www.butcher-bros.com\/en\/privacy-center\/privacy-policy\/#breadcrumb\"},\"inLanguage\":\"en-US\",\"potentialAction\":[{\"@type\":\"ReadAction\",\"target\":[\"https:\/\/www.butcher-bros.com\/en\/privacy-center\/privacy-policy\/\"]}]},{\"@type\":\"BreadcrumbList\",\"@id\":\"https:\/\/www.butcher-bros.com\/en\/privacy-center\/privacy-policy\/#breadcrumb\",\"itemListElement\":[{\"@type\":\"ListItem\",\"position\":1,\"name\":\"Home\",\"item\":\"https:\/\/www.butcher-bros.com\/en\/\"},{\"@type\":\"ListItem\",\"position\":2,\"name\":\"Privacy Center\",\"item\":\"https:\/\/www.butcher-bros.com\/en\/privacy-center\/\"},{\"@type\":\"ListItem\",\"position\":3,\"name\":\"Privacy Policy\"}]},{\"@type\":\"ImageObject\",\"@id\":\"https:\/\/www.butcher-bros.com\/en\/privacy-center\/privacy-policy\/#local-main-organization-logo\",\"inLanguage\":\"en-US\",\"url\":\"\",\"contentUrl\":\"\"}]}<\/script>\n<!-- \/ Yoast SEO Premium plugin. -->","_links":{"self":[{"href":"https:\/\/www.butcher-bros.com\/en\/wp-json\/wp\/v2\/pages\/4523"}],"collection":[{"href":"https:\/\/www.butcher-bros.com\/en\/wp-json\/wp\/v2\/pages"}],"about":[{"href":"https:\/\/www.butcher-bros.com\/en\/wp-json\/wp\/v2\/types\/page"}],"author":[{"embeddable":true,"href":"https:\/\/www.butcher-bros.com\/en\/wp-json\/wp\/v2\/users\/1"}],"replies":[{"embeddable":true,"href":"https:\/\/www.butcher-bros.com\/en\/wp-json\/wp\/v2\/comments?post=4523"}],"version-history":[{"count":1,"href":"https:\/\/www.butcher-bros.com\/en\/wp-json\/wp\/v2\/pages\/4523\/revisions"}],"predecessor-version":[{"id":4524,"href":"https:\/\/www.butcher-bros.com\/en\/wp-json\/wp\/v2\/pages\/4523\/revisions\/4524"}],"up":[{"embeddable":true,"href":"https:\/\/www.butcher-bros.com\/en\/wp-json\/wp\/v2\/pages\/4502"}],"wp:attachment":[{"href":"https:\/\/www.butcher-bros.com\/en\/wp-json\/wp\/v2\/media?parent=4523"}],"curies":[{"name":"wp","href":"https:\/\/api.w.org\/{rel}","templated":true}]}}